{"id":15,"date":"2025-03-31T19:38:19","date_gmt":"2025-03-31T19:38:19","guid":{"rendered":"https:\/\/agir63.fr\/index.php\/front_page\/"},"modified":"2026-03-26T13:10:59","modified_gmt":"2026-03-26T13:10:59","slug":"front_page","status":"publish","type":"page","link":"https:\/\/agir63.fr\/","title":{"rendered":"Pour le logement et l&#8217;emploi des r\u00e9fugi\u00e9s dans le Puy-de-D\u00f4me"},"content":{"rendered":"\n\n\n\n\n\n\n\n\n\n\n\n\n<div class=\"wp-block-superb-addons-animated-heading superbaddons-animated-heading-block superbaddons-animated-heading-effect2\" id=\"block-304f04a0-837a-4867-99f2-4c87dbcf39fc\" data-animation=\"effect2\" data-animation-speed=\"60\" data-animation-loop=\"true\">\n<h2 class=\"wp-block-heading has-text-align-center superb-addons-hide-on-desktop\">Pour le logement et l&#8217;emploi des r\u00e9fugi\u00e9s <br>dans le Puy-de-D\u00f4me<\/h2>\n<\/div>\n","protected":false},"excerpt":{"rendered":"","protected":false},"author":1,"featured_media":417,"parent":0,"menu_order":0,"comment_status":"closed","ping_status":"closed","template":"","meta":{"saved_in_kubio":true,"footnotes":""},"class_list":["post-15","page","type-page","status-publish","has-post-thumbnail","hentry"],"kubio_ai_page_context":{"short_desc":"","purpose":"general"},"_links":{"self":[{"href":"https:\/\/agir63.fr\/index.php\/wp-json\/wp\/v2\/pages\/15","targetHints":{"allow":["GET"]}}],"collection":[{"href":"https:\/\/agir63.fr\/index.php\/wp-json\/wp\/v2\/pages"}],"about":[{"href":"https:\/\/agir63.fr\/index.php\/wp-json\/wp\/v2\/types\/page"}],"author":[{"embeddable":true,"href":"https:\/\/agir63.fr\/index.php\/wp-json\/wp\/v2\/users\/1"}],"replies":[{"embeddable":true,"href":"https:\/\/agir63.fr\/index.php\/wp-json\/wp\/v2\/comments?post=15"}],"version-history":[{"count":106,"href":"https:\/\/agir63.fr\/index.php\/wp-json\/wp\/v2\/pages\/15\/revisions"}],"predecessor-version":[{"id":1063,"href":"https:\/\/agir63.fr\/index.php\/wp-json\/wp\/v2\/pages\/15\/revisions\/1063"}],"wp:featuredmedia":[{"embeddable":true,"href":"https:\/\/agir63.fr\/index.php\/wp-json\/wp\/v2\/media\/417"}],"wp:attachment":[{"href":"https:\/\/agir63.fr\/index.php\/wp-json\/wp\/v2\/media?parent=15"}],"curies":[{"name":"wp","href":"https:\/\/api.w.org\/{rel}","templated":true}]}}